{"id":37,"date":"2022-08-03T18:58:37","date_gmt":"2022-08-03T18:58:37","guid":{"rendered":"https:\/\/topsmexico.com\/index.php\/colibri-wp\/"},"modified":"2026-04-22T15:14:11","modified_gmt":"2026-04-22T15:14:11","slug":"colibri-wp","status":"publish","type":"page","link":"https:\/\/topsmexico.com\/","title":{"rendered":"Tops Mexico"},"content":{"rendered":"\t\t<div data-elementor-type=\"wp-page\" data-elementor-id=\"37\" class=\"elementor elementor-37\">\n\t\t\t\t<div class=\"elementor-element elementor-element-26c2f23 e-flex e-con-boxed e-con e-parent\" data-id=\"26c2f23\" data-element_type=\"container\" data-e-type=\"container\">\n\t\t\t\t\t<div class=\"e-con-inner\">\n\t\t\t\t<div class=\"elementor-element elementor-element-2997d3e elementor-widget elementor-widget-image\" data-id=\"2997d3e\" data-element_type=\"widget\" data-e-type=\"widget\" data-widget_type=\"image.default\">\n\t\t\t\t\t\t\t\t\t\t\t\t\t\t\t<img fetchpriority=\"high\" decoding=\"async\" width=\"920\" height=\"434\" src=\"https:\/\/topsmexico.com\/wp-content\/uploads\/2026\/04\/Libros-1024x483.png\" class=\"attachment-large size-large wp-image-498\" alt=\"\" srcset=\"https:\/\/topsmexico.com\/wp-content\/uploads\/2026\/04\/Libros-1024x483.png 1024w, https:\/\/topsmexico.com\/wp-content\/uploads\/2026\/04\/Libros-300x141.png 300w, https:\/\/topsmexico.com\/wp-content\/uploads\/2026\/04\/Libros-768x362.png 768w, https:\/\/topsmexico.com\/wp-content\/uploads\/2026\/04\/Libros.png 1366w\" sizes=\"(max-width: 920px) 100vw, 920px\" \/>\t\t\t\t\t\t\t\t\t\t\t\t\t\t\t<\/div>\n\t\t\t\t\t<\/div>\n\t\t\t\t<\/div>\n\t\t<div class=\"elementor-element elementor-element-a865bd8 e-flex e-con-boxed e-con e-parent\" data-id=\"a865bd8\" data-element_type=\"container\" data-e-type=\"container\">\n\t\t\t\t\t<div class=\"e-con-inner\">\n\t\t\t\t<div class=\"elementor-element elementor-element-4a4672b elementor-widget elementor-widget-text-editor\" data-id=\"4a4672b\" data-element_type=\"widget\" data-e-type=\"widget\" data-widget_type=\"text-editor.default\">\n\t\t\t\t\t\t\t\t\t<p class=\"p1\">Somos una Empresa Editorial\u00a0<span style=\"font-size: 1.25rem;\">con m\u00e1s de 30 a\u00f1os de existencia,\u00a0<\/span><span style=\"font-size: 1.25rem;\">la cual ha efectuado m\u00e1s de 500\u00a0<\/span><span style=\"font-size: 1.25rem;\">ediciones de los sectores y empresas\u00a0<\/span><span style=\"font-size: 1.25rem;\">m\u00e1s grandes de M\u00e9xico, como son:\u00a0<\/span><span style=\"font-size: 1.25rem;\">Coca-Cola, General Motors, Banamex, Grupo \u00c1ngeles, Las Mejores Empresas de Alimentaci\u00f3n\u00a0<\/span><span style=\"font-size: 1.25rem;\">en M\u00e9xico, SAGARPA, Siemens, BBVA, Los Mejores\u00a0<\/span><span style=\"font-size: 1.25rem;\">Laboratorios de M\u00e9xico, Las Mejores Empresas\u00a0<\/span><span style=\"font-size: 1.25rem;\">Socialmente Responsables, Las Mejores Empresas\u00a0<\/span><span style=\"font-size: 1.25rem;\">de Construcci\u00f3n y Vivienda, Telmex, Cofepris, Sectur y<\/span><span style=\"font-size: 1.25rem;\">Rotoplas, entre muchos otros.\u00a0<\/span><span style=\"font-size: 1.25rem;\">Llegamos a toda la rep\u00fablica mexicana, mediante el encarte para l<\/span><span style=\"font-size: 1.25rem;\">os suscripciones de diferentes peri\u00f3dicos de circulaci\u00f3n nacional,\u00a0<\/span><span style=\"font-size: 1.25rem;\">como: El Universal, El Financiero, El Economista y El Sol de M\u00e9xico,\u00a0<\/span><span style=\"font-size: 1.25rem;\">entre otros medios impresos; as\u00ed como, una distribuci\u00f3n digital a trav\u00e9s\u00a0<\/span><span style=\"font-size: 1.25rem;\">de nuestras p\u00e1ginas y redes sociales:<\/span><\/p>\t\t\t\t\t\t\t\t<\/div>\n\t\t\t\t\t<\/div>\n\t\t\t\t<\/div>\n\t\t<div class=\"elementor-element elementor-element-8f58dd0 e-flex e-con-boxed e-con e-parent\" data-id=\"8f58dd0\" data-element_type=\"container\" data-e-type=\"container\">\n\t\t\t\t\t<div class=\"e-con-inner\">\n\t\t\t\t<div class=\"elementor-element elementor-element-bdc5c27 elementor-widget elementor-widget-heading\" data-id=\"bdc5c27\" data-element_type=\"widget\" data-e-type=\"widget\" data-widget_type=\"heading.default\">\n\t\t\t\t\t<h2 class=\"elementor-heading-title elementor-size-default\"><h1 style=\"font-family: Poppins, sans-serif;text-align: center\">Nuestros Rankings<span style=\"font-family: Roboto, sans-serif;font-size: 3.0625rem;text-align: start\"><\/span><\/h1><\/h2>\t\t\t\t<\/div>\n\t\t\t\t\t<\/div>\n\t\t\t\t<\/div>\n\t\t<div class=\"elementor-element elementor-element-efb68d3 e-grid e-con-full e-con e-parent\" data-id=\"efb68d3\" data-element_type=\"container\" data-e-type=\"container\">\n\t\t\t\t<div class=\"elementor-element elementor-element-f3b233c elementor-widget elementor-widget-image\" data-id=\"f3b233c\" data-element_type=\"widget\" data-e-type=\"widget\" data-widget_type=\"image.default\">\n\t\t\t\t\t\t\t\t\t\t\t\t\t\t\t\t<a href=\"https:\/\/topslosmejoresabogados.com\/\">\n\t\t\t\t\t\t\t<img decoding=\"async\" width=\"300\" height=\"204\" src=\"https:\/\/topsmexico.com\/wp-content\/uploads\/2022\/08\/Abogados-300x204.png\" class=\"attachment-medium size-medium wp-image-97\" alt=\"\" srcset=\"https:\/\/topsmexico.com\/wp-content\/uploads\/2022\/08\/Abogados-300x204.png 300w, https:\/\/topsmexico.com\/wp-content\/uploads\/2022\/08\/Abogados-1024x697.png 1024w, https:\/\/topsmexico.com\/wp-content\/uploads\/2022\/08\/Abogados-768x523.png 768w, https:\/\/topsmexico.com\/wp-content\/uploads\/2022\/08\/Abogados-1536x1046.png 1536w, https:\/\/topsmexico.com\/wp-content\/uploads\/2022\/08\/Abogados-2048x1394.png 2048w\" sizes=\"(max-width: 300px) 100vw, 300px\" \/>\t\t\t\t\t\t\t\t<\/a>\n\t\t\t\t\t\t\t\t\t\t\t\t\t\t\t<\/div>\n\t\t\t\t<div class=\"elementor-element elementor-element-802697a elementor-widget elementor-widget-image\" data-id=\"802697a\" data-element_type=\"widget\" data-e-type=\"widget\" data-widget_type=\"image.default\">\n\t\t\t\t\t\t\t\t\t\t\t\t\t\t\t\t<a href=\"https:\/\/topslasmejoresuniversidades.com\/\">\n\t\t\t\t\t\t\t<img decoding=\"async\" width=\"300\" height=\"244\" src=\"https:\/\/topsmexico.com\/wp-content\/uploads\/2022\/08\/Universidades-300x244.png\" class=\"attachment-medium size-medium wp-image-100\" alt=\"\" srcset=\"https:\/\/topsmexico.com\/wp-content\/uploads\/2022\/08\/Universidades-300x244.png 300w, https:\/\/topsmexico.com\/wp-content\/uploads\/2022\/08\/Universidades-1024x834.png 1024w, https:\/\/topsmexico.com\/wp-content\/uploads\/2022\/08\/Universidades-768x626.png 768w, https:\/\/topsmexico.com\/wp-content\/uploads\/2022\/08\/Universidades-1536x1251.png 1536w, https:\/\/topsmexico.com\/wp-content\/uploads\/2022\/08\/Universidades-2048x1669.png 2048w\" sizes=\"(max-width: 300px) 100vw, 300px\" \/>\t\t\t\t\t\t\t\t<\/a>\n\t\t\t\t\t\t\t\t\t\t\t\t\t\t\t<\/div>\n\t\t\t\t<div class=\"elementor-element elementor-element-d230195 elementor-widget elementor-widget-image\" data-id=\"d230195\" data-element_type=\"widget\" data-e-type=\"widget\" data-widget_type=\"image.default\">\n\t\t\t\t\t\t\t\t\t\t\t\t\t\t\t\t<a href=\"https:\/\/topsmexicosocialmenteresponsables.com\/\">\n\t\t\t\t\t\t\t<img loading=\"lazy\" decoding=\"async\" width=\"300\" height=\"257\" src=\"https:\/\/topsmexico.com\/wp-content\/uploads\/2022\/08\/ESR-e1765305161896-300x257.png\" class=\"attachment-medium size-medium wp-image-98\" alt=\"\" srcset=\"https:\/\/topsmexico.com\/wp-content\/uploads\/2022\/08\/ESR-e1765305161896-300x257.png 300w, https:\/\/topsmexico.com\/wp-content\/uploads\/2022\/08\/ESR-e1765305161896.png 500w\" sizes=\"(max-width: 300px) 100vw, 300px\" \/>\t\t\t\t\t\t\t\t<\/a>\n\t\t\t\t\t\t\t\t\t\t\t\t\t\t\t<\/div>\n\t\t\t\t<\/div>\n\t\t<div class=\"elementor-element elementor-element-f052188 e-grid e-con-boxed e-con e-parent\" data-id=\"f052188\" data-element_type=\"container\" data-e-type=\"container\">\n\t\t\t\t\t<div class=\"e-con-inner\">\n\t\t\t\t<div class=\"elementor-element elementor-element-23531fc elementor-widget elementor-widget-image\" data-id=\"23531fc\" data-element_type=\"widget\" data-e-type=\"widget\" data-widget_type=\"image.default\">\n\t\t\t\t\t\t\t\t\t\t\t\t\t\t\t\t<a href=\"https:\/\/topslosmejoresabogados.com\/\">\n\t\t\t\t\t\t\t<img loading=\"lazy\" decoding=\"async\" width=\"300\" height=\"286\" src=\"https:\/\/topsmexico.com\/wp-content\/uploads\/2026\/03\/seg-1-300x286.png\" class=\"attachment-medium size-medium wp-image-475\" alt=\"\" srcset=\"https:\/\/topsmexico.com\/wp-content\/uploads\/2026\/03\/seg-1-300x286.png 300w, https:\/\/topsmexico.com\/wp-content\/uploads\/2026\/03\/seg-1.png 426w\" sizes=\"(max-width: 300px) 100vw, 300px\" \/>\t\t\t\t\t\t\t\t<\/a>\n\t\t\t\t\t\t\t\t\t\t\t\t\t\t\t<\/div>\n\t\t\t\t<div class=\"elementor-element elementor-element-13e00c5 elementor-widget elementor-widget-image\" data-id=\"13e00c5\" data-element_type=\"widget\" data-e-type=\"widget\" data-widget_type=\"image.default\">\n\t\t\t\t\t\t\t\t\t\t\t\t\t\t\t\t<a href=\"https:\/\/topslosmejoresabogados.com\/\">\n\t\t\t\t\t\t\t<img loading=\"lazy\" decoding=\"async\" width=\"300\" height=\"300\" src=\"https:\/\/topsmexico.com\/wp-content\/uploads\/2026\/04\/QWE.png\" class=\"attachment-medium size-medium wp-image-511\" alt=\"\" srcset=\"https:\/\/topsmexico.com\/wp-content\/uploads\/2026\/04\/QWE.png 300w, https:\/\/topsmexico.com\/wp-content\/uploads\/2026\/04\/QWE-150x150.png 150w, https:\/\/topsmexico.com\/wp-content\/uploads\/2026\/04\/QWE-96x96.png 96w, https:\/\/topsmexico.com\/wp-content\/uploads\/2026\/04\/QWE-50x50.png 50w\" sizes=\"(max-width: 300px) 100vw, 300px\" \/>\t\t\t\t\t\t\t\t<\/a>\n\t\t\t\t\t\t\t\t\t\t\t\t\t\t\t<\/div>\n\t\t\t\t<div class=\"elementor-element elementor-element-447da1c elementor-widget elementor-widget-image\" data-id=\"447da1c\" data-element_type=\"widget\" data-e-type=\"widget\" data-widget_type=\"image.default\">\n\t\t\t\t\t\t\t\t\t\t\t\t\t\t\t<img loading=\"lazy\" decoding=\"async\" width=\"433\" height=\"406\" src=\"https:\/\/topsmexico.com\/wp-content\/uploads\/2026\/03\/cyv.png\" class=\"attachment-large size-large wp-image-476\" alt=\"\" srcset=\"https:\/\/topsmexico.com\/wp-content\/uploads\/2026\/03\/cyv.png 433w, https:\/\/topsmexico.com\/wp-content\/uploads\/2026\/03\/cyv-300x281.png 300w\" sizes=\"(max-width: 433px) 100vw, 433px\" \/>\t\t\t\t\t\t\t\t\t\t\t\t\t\t\t<\/div>\n\t\t\t\t\t<\/div>\n\t\t\t\t<\/div>\n\t\t<div class=\"elementor-element elementor-element-10d7b03 e-grid e-con-boxed e-con e-parent\" data-id=\"10d7b03\" data-element_type=\"container\" data-e-type=\"container\">\n\t\t\t\t\t<div class=\"e-con-inner\">\n\t\t\t\t<div class=\"elementor-element elementor-element-4e7bfcb elementor-widget elementor-widget-image\" data-id=\"4e7bfcb\" data-element_type=\"widget\" data-e-type=\"widget\" data-widget_type=\"image.default\">\n\t\t\t\t\t\t\t\t\t\t\t\t\t\t\t\t<a href=\"https:\/\/topslosmejoresabogados.com\/\">\n\t\t\t\t\t\t\t<img loading=\"lazy\" decoding=\"async\" width=\"300\" height=\"286\" src=\"https:\/\/topsmexico.com\/wp-content\/uploads\/2026\/03\/black-300x286.png\" class=\"attachment-medium size-medium wp-image-477\" alt=\"\" srcset=\"https:\/\/topsmexico.com\/wp-content\/uploads\/2026\/03\/black-300x286.png 300w, https:\/\/topsmexico.com\/wp-content\/uploads\/2026\/03\/black.png 426w\" sizes=\"(max-width: 300px) 100vw, 300px\" \/>\t\t\t\t\t\t\t\t<\/a>\n\t\t\t\t\t\t\t\t\t\t\t\t\t\t\t<\/div>\n\t\t\t\t<div class=\"elementor-element elementor-element-06faa1d elementor-widget elementor-widget-image\" data-id=\"06faa1d\" data-element_type=\"widget\" data-e-type=\"widget\" data-widget_type=\"image.default\">\n\t\t\t\t\t\t\t\t\t\t\t\t\t\t\t\t<a href=\"https:\/\/topslosmejoresabogados.com\/\">\n\t\t\t\t\t\t\t<img loading=\"lazy\" decoding=\"async\" width=\"300\" height=\"300\" src=\"https:\/\/topsmexico.com\/wp-content\/uploads\/2026\/04\/ADUANALES.png\" class=\"attachment-medium size-medium wp-image-517\" alt=\"\" srcset=\"https:\/\/topsmexico.com\/wp-content\/uploads\/2026\/04\/ADUANALES.png 300w, https:\/\/topsmexico.com\/wp-content\/uploads\/2026\/04\/ADUANALES-150x150.png 150w, https:\/\/topsmexico.com\/wp-content\/uploads\/2026\/04\/ADUANALES-96x96.png 96w, https:\/\/topsmexico.com\/wp-content\/uploads\/2026\/04\/ADUANALES-50x50.png 50w\" sizes=\"(max-width: 300px) 100vw, 300px\" \/>\t\t\t\t\t\t\t\t<\/a>\n\t\t\t\t\t\t\t\t\t\t\t\t\t\t\t<\/div>\n\t\t\t\t<div class=\"elementor-element elementor-element-6f27dd6 elementor-widget elementor-widget-image\" data-id=\"6f27dd6\" data-element_type=\"widget\" data-e-type=\"widget\" data-widget_type=\"image.default\">\n\t\t\t\t\t\t\t\t\t\t\t\t\t\t\t<img loading=\"lazy\" decoding=\"async\" width=\"426\" height=\"406\" src=\"https:\/\/topsmexico.com\/wp-content\/uploads\/2026\/03\/black.png\" class=\"attachment-large size-large wp-image-477\" alt=\"\" srcset=\"https:\/\/topsmexico.com\/wp-content\/uploads\/2026\/03\/black.png 426w, https:\/\/topsmexico.com\/wp-content\/uploads\/2026\/03\/black-300x286.png 300w\" sizes=\"(max-width: 426px) 100vw, 426px\" \/>\t\t\t\t\t\t\t\t\t\t\t\t\t\t\t<\/div>\n\t\t\t\t\t<\/div>\n\t\t\t\t<\/div>\n\t\t<div class=\"elementor-element elementor-element-0d5e4ab e-flex e-con-boxed e-con e-parent\" data-id=\"0d5e4ab\" data-element_type=\"container\" data-e-type=\"container\">\n\t\t\t\t\t<div class=\"e-con-inner\">\n\t\t\t\t<div class=\"elementor-element elementor-element-0e672ed elementor-widget-divider--view-line elementor-widget elementor-widget-divider\" data-id=\"0e672ed\" data-element_type=\"widget\" data-e-type=\"widget\" data-widget_type=\"divider.default\">\n\t\t\t\t\t\t\t<div class=\"elementor-divider\">\n\t\t\t<span class=\"elementor-divider-separator\">\n\t\t\t\t\t\t<\/span>\n\t\t<\/div>\n\t\t\t\t\t\t<\/div>\n\t\t\t\t\t<\/div>\n\t\t\t\t<\/div>\n\t\t<div class=\"elementor-element elementor-element-c6d4586 e-flex e-con-boxed e-con e-parent\" data-id=\"c6d4586\" data-element_type=\"container\" data-e-type=\"container\">\n\t\t\t\t\t<div class=\"e-con-inner\">\n\t\t<div class=\"elementor-element elementor-element-12fbaf4 e-con-full e-flex e-con e-child\" data-id=\"12fbaf4\" data-element_type=\"container\" data-e-type=\"container\">\n\t\t<div class=\"elementor-element elementor-element-dcce938 e-con-full e-flex e-con e-child\" data-id=\"dcce938\" data-element_type=\"container\" data-e-type=\"container\">\n\t\t\t\t<div class=\"elementor-element elementor-element-9a77596 elementor-widget elementor-widget-heading\" data-id=\"9a77596\" data-element_type=\"widget\" data-e-type=\"widget\" data-widget_type=\"heading.default\">\n\t\t\t\t\t<h2 class=\"elementor-heading-title elementor-size-default\">El Ranking<\/h2>\t\t\t\t<\/div>\n\t\t\t\t<\/div>\n\t\t<div class=\"elementor-element elementor-element-eb99064 e-con-full e-flex e-con e-child\" data-id=\"eb99064\" data-element_type=\"container\" data-e-type=\"container\">\n\t\t\t\t<div class=\"elementor-element elementor-element-e643b97 elementor-widget elementor-widget-text-editor\" data-id=\"e643b97\" data-element_type=\"widget\" data-e-type=\"widget\" data-widget_type=\"text-editor.default\">\n\t\t\t\t\t\t\t\t\t<p>El Ranking es el resultado de un minucioso estudio de alrededor\u00a0<span style=\"font-size: 1.25rem;\">de 5 mil instituciones, donde evaluamos por separado y en conjunto,\u00a0<\/span><span style=\"font-size: 1.25rem;\">tres variables fundamentales de acuerdo al Modelo Triple Botton\u00a0<\/span><span style=\"font-size: 1.25rem;\">Line: Aspectos sociales, Aspectos Medioambientales y Aspectos\u00a0<\/span><span style=\"font-size: 1.25rem;\">econ\u00f3micos.<\/span><\/p>\t\t\t\t\t\t\t\t<\/div>\n\t\t\t\t<\/div>\n\t\t\t\t<\/div>\n\t\t<div class=\"elementor-element elementor-element-7a04c28 e-con-full e-flex e-con e-child\" data-id=\"7a04c28\" data-element_type=\"container\" data-e-type=\"container\">\n\t\t\t\t<div class=\"elementor-element elementor-element-f01c551 elementor-widget elementor-widget-image\" data-id=\"f01c551\" data-element_type=\"widget\" data-e-type=\"widget\" data-widget_type=\"image.default\">\n\t\t\t\t\t\t\t\t\t\t\t\t\t\t\t<img loading=\"lazy\" decoding=\"async\" width=\"683\" height=\"1024\" src=\"https:\/\/topsmexico.com\/wp-content\/uploads\/2026\/04\/galardon-683x1024.jpg\" class=\"attachment-large size-large wp-image-542\" alt=\"\" srcset=\"https:\/\/topsmexico.com\/wp-content\/uploads\/2026\/04\/galardon-683x1024.jpg 683w, https:\/\/topsmexico.com\/wp-content\/uploads\/2026\/04\/galardon-200x300.jpg 200w, https:\/\/topsmexico.com\/wp-content\/uploads\/2026\/04\/galardon-768x1152.jpg 768w, https:\/\/topsmexico.com\/wp-content\/uploads\/2026\/04\/galardon.jpg 1024w\" sizes=\"(max-width: 683px) 100vw, 683px\" \/>\t\t\t\t\t\t\t\t\t\t\t\t\t\t\t<\/div>\n\t\t\t\t<\/div>\n\t\t\t\t\t<\/div>\n\t\t\t\t<\/div>\n\t\t<div class=\"elementor-element elementor-element-81e6cb0 e-flex e-con-boxed e-con e-parent\" data-id=\"81e6cb0\" data-element_type=\"container\" data-e-type=\"container\">\n\t\t\t\t\t<div class=\"e-con-inner\">\n\t\t\t\t<div class=\"elementor-element elementor-element-519ae1b elementor-widget-divider--view-line elementor-widget elementor-widget-divider\" data-id=\"519ae1b\" data-element_type=\"widget\" data-e-type=\"widget\" data-widget_type=\"divider.default\">\n\t\t\t\t\t\t\t<div class=\"elementor-divider\">\n\t\t\t<span class=\"elementor-divider-separator\">\n\t\t\t\t\t\t<\/span>\n\t\t<\/div>\n\t\t\t\t\t\t<\/div>\n\t\t\t\t\t<\/div>\n\t\t\t\t<\/div>\n\t\t<div class=\"elementor-element elementor-element-0eef698 e-flex e-con-boxed e-con e-parent\" data-id=\"0eef698\" data-element_type=\"container\" data-e-type=\"container\">\n\t\t\t\t\t<div class=\"e-con-inner\">\n\t\t<div class=\"elementor-element elementor-element-1660163 e-con-full e-flex e-con e-child\" data-id=\"1660163\" data-element_type=\"container\" data-e-type=\"container\">\n\t\t<div class=\"elementor-element elementor-element-cd4a8d0 e-con-full e-flex e-con e-child\" data-id=\"cd4a8d0\" data-element_type=\"container\" data-e-type=\"container\">\n\t\t\t\t<div class=\"elementor-element elementor-element-9ffbd9f elementor-widget elementor-widget-heading\" data-id=\"9ffbd9f\" data-element_type=\"widget\" data-e-type=\"widget\" data-widget_type=\"heading.default\">\n\t\t\t\t\t<h2 class=\"elementor-heading-title elementor-size-default\">Metodolog\u00eda del Ranking<\/h2>\t\t\t\t<\/div>\n\t\t\t\t<\/div>\n\t\t<div class=\"elementor-element elementor-element-d9b894c e-con-full e-flex e-con e-child\" data-id=\"d9b894c\" data-element_type=\"container\" data-e-type=\"container\">\n\t\t\t\t<div class=\"elementor-element elementor-element-cad369a elementor-widget elementor-widget-text-editor\" data-id=\"cad369a\" data-element_type=\"widget\" data-e-type=\"widget\" data-widget_type=\"text-editor.default\">\n\t\t\t\t\t\t\t\t\t<p style=\"text-align: center;\">Las metodolog\u00edas para nuestro ranking son las siguientes:<\/p>\t\t\t\t\t\t\t\t<\/div>\n\t\t\t\t<\/div>\n\t\t\t\t<\/div>\n\t\t\t\t\t<\/div>\n\t\t\t\t<\/div>\n\t\t<div class=\"elementor-element elementor-element-7fdd0a6 e-flex e-con-boxed e-con e-parent\" data-id=\"7fdd0a6\" data-element_type=\"container\" data-e-type=\"container\">\n\t\t\t\t\t<div class=\"e-con-inner\">\n\t\t\t\t<div class=\"elementor-element elementor-element-87013b5 elementor-widget-divider--view-line elementor-widget elementor-widget-divider\" data-id=\"87013b5\" data-element_type=\"widget\" data-e-type=\"widget\" data-widget_type=\"divider.default\">\n\t\t\t\t\t\t\t<div class=\"elementor-divider\">\n\t\t\t<span class=\"elementor-divider-separator\">\n\t\t\t\t\t\t<\/span>\n\t\t<\/div>\n\t\t\t\t\t\t<\/div>\n\t\t\t\t\t<\/div>\n\t\t\t\t<\/div>\n\t\t<div class=\"elementor-element elementor-element-3136224 e-flex e-con-boxed e-con e-parent\" data-id=\"3136224\" data-element_type=\"container\" data-e-type=\"container\">\n\t\t\t\t\t<div class=\"e-con-inner\">\n\t\t<div class=\"elementor-element elementor-element-f89db9c e-con-full e-flex e-con e-child\" data-id=\"f89db9c\" data-element_type=\"container\" data-e-type=\"container\">\n\t\t\t\t<div class=\"elementor-element elementor-element-365339e elementor-widget elementor-widget-heading\" data-id=\"365339e\" data-element_type=\"widget\" data-e-type=\"widget\" data-widget_type=\"heading.default\">\n\t\t\t\t\t<h2 class=\"elementor-heading-title elementor-size-default\">1<\/h2>\t\t\t\t<\/div>\n\t\t\t\t<\/div>\n\t\t<div class=\"elementor-element elementor-element-cd8643d e-con-full e-flex e-con e-child\" data-id=\"cd8643d\" data-element_type=\"container\" data-e-type=\"container\">\n\t\t\t\t<div class=\"elementor-element elementor-element-b782e22 elementor-widget elementor-widget-heading\" data-id=\"b782e22\" data-element_type=\"widget\" data-e-type=\"widget\" data-widget_type=\"heading.default\">\n\t\t\t\t\t<h2 class=\"elementor-heading-title elementor-size-default\">Se realiza una encuesta a trav\u00e9s de un cuestionario y se firma un contrato de confidencialidad con 3,000 Instituciones en M\u00e9xico, de ah\u00ed se obtiene el primer resultado.<\/h2>\t\t\t\t<\/div>\n\t\t\t\t<\/div>\n\t\t\t\t\t<\/div>\n\t\t\t\t<\/div>\n\t\t<div class=\"elementor-element elementor-element-ca20525 e-flex e-con-boxed e-con e-parent\" data-id=\"ca20525\" data-element_type=\"container\" data-e-type=\"container\">\n\t\t\t\t\t<div class=\"e-con-inner\">\n\t\t<div class=\"elementor-element elementor-element-fa2a970 e-con-full e-flex e-con e-child\" data-id=\"fa2a970\" data-element_type=\"container\" data-e-type=\"container\">\n\t\t\t\t<div class=\"elementor-element elementor-element-6ce5726 elementor-widget elementor-widget-heading\" data-id=\"6ce5726\" data-element_type=\"widget\" data-e-type=\"widget\" data-widget_type=\"heading.default\">\n\t\t\t\t\t<h2 class=\"elementor-heading-title elementor-size-default\">2<\/h2>\t\t\t\t<\/div>\n\t\t\t\t<\/div>\n\t\t<div class=\"elementor-element elementor-element-f036f8f e-con-full e-flex e-con e-child\" data-id=\"f036f8f\" data-element_type=\"container\" data-e-type=\"container\">\n\t\t\t\t<div class=\"elementor-element elementor-element-eda5e32 elementor-widget elementor-widget-heading\" data-id=\"eda5e32\" data-element_type=\"widget\" data-e-type=\"widget\" data-widget_type=\"heading.default\">\n\t\t\t\t\t<h2 class=\"elementor-heading-title elementor-size-default\">Se efect\u00faa un cuestionario y encuesta a 3,000 l\u00edderes de opini\u00f3n, polit\u00f3logos, mercad\u00f3logos, profesores, doctores, y comunic\u00f3logos.<\/h2>\t\t\t\t<\/div>\n\t\t\t\t<\/div>\n\t\t\t\t\t<\/div>\n\t\t\t\t<\/div>\n\t\t<div class=\"elementor-element elementor-element-0a42944 e-flex e-con-boxed e-con e-parent\" data-id=\"0a42944\" data-element_type=\"container\" data-e-type=\"container\">\n\t\t\t\t\t<div class=\"e-con-inner\">\n\t\t<div class=\"elementor-element elementor-element-a5c2d92 e-con-full e-flex e-con e-child\" data-id=\"a5c2d92\" data-element_type=\"container\" data-e-type=\"container\">\n\t\t\t\t<div class=\"elementor-element elementor-element-96df960 elementor-widget elementor-widget-heading\" data-id=\"96df960\" data-element_type=\"widget\" data-e-type=\"widget\" data-widget_type=\"heading.default\">\n\t\t\t\t\t<h2 class=\"elementor-heading-title elementor-size-default\">3<\/h2>\t\t\t\t<\/div>\n\t\t\t\t<\/div>\n\t\t<div class=\"elementor-element elementor-element-28298f6 e-con-full e-flex e-con e-child\" data-id=\"28298f6\" data-element_type=\"container\" data-e-type=\"container\">\n\t\t\t\t<div class=\"elementor-element elementor-element-b5165a3 elementor-widget elementor-widget-heading\" data-id=\"b5165a3\" data-element_type=\"widget\" data-e-type=\"widget\" data-widget_type=\"heading.default\">\n\t\t\t\t\t<h2 class=\"elementor-heading-title elementor-size-default\">In house. En nuestra \u00e1rea de Global Marketing tenemos una base de datos de 5 mil Universidades en M\u00e9xico, las cuales son estudiadas, se analizan y finalmente son evaluadas.\n<\/h2>\t\t\t\t<\/div>\n\t\t\t\t<\/div>\n\t\t\t\t\t<\/div>\n\t\t\t\t<\/div>\n\t\t\t\t<\/div>\n\t\t","protected":false},"excerpt":{"rendered":"<p>Somos una Empresa Editorial\u00a0con m\u00e1s de 30 a\u00f1os de existencia,\u00a0la cual ha efectuado m\u00e1s de 500\u00a0ediciones de los sectores y<\/p>\n<p><span class=\"more-link\"><a href=\"https:\/\/topsmexico.com\/\" class=\"readmore\">Seguir leyendo<span class=\"screen-reader-text\">Tops Mexico<\/span><\/a><\/span><\/p>\n","protected":false},"author":1,"featured_media":95,"parent":0,"menu_order":0,"comment_status":"closed","ping_status":"closed","template":"","meta":{"footnotes":""},"class_list":["post-37","page","type-page","status-publish","has-post-thumbnail","hentry"],"_links":{"self":[{"href":"https:\/\/topsmexico.com\/index.php\/wp-json\/wp\/v2\/pages\/37","targetHints":{"allow":["GET"]}}],"collection":[{"href":"https:\/\/topsmexico.com\/index.php\/wp-json\/wp\/v2\/pages"}],"about":[{"href":"https:\/\/topsmexico.com\/index.php\/wp-json\/wp\/v2\/types\/page"}],"author":[{"embeddable":true,"href":"https:\/\/topsmexico.com\/index.php\/wp-json\/wp\/v2\/users\/1"}],"replies":[{"embeddable":true,"href":"https:\/\/topsmexico.com\/index.php\/wp-json\/wp\/v2\/comments?post=37"}],"version-history":[{"count":0,"href":"https:\/\/topsmexico.com\/index.php\/wp-json\/wp\/v2\/pages\/37\/revisions"}],"wp:featuredmedia":[{"embeddable":true,"href":"https:\/\/topsmexico.com\/index.php\/wp-json\/wp\/v2\/media\/95"}],"wp:attachment":[{"href":"https:\/\/topsmexico.com\/index.php\/wp-json\/wp\/v2\/media?parent=37"}],"curies":[{"name":"wp","href":"https:\/\/api.w.org\/{rel}","templated":true}]}}